{"id":9,"date":"2023-05-04T21:40:40","date_gmt":"2023-05-04T19:40:40","guid":{"rendered":"https:\/\/ismab.fr\/?page_id=9"},"modified":"2023-05-04T21:53:05","modified_gmt":"2023-05-04T19:53:05","slug":"about","status":"publish","type":"page","link":"https:\/\/ismab.fr\/?page_id=9","title":{"rendered":"About"},"content":{"rendered":"\n<p><strong>ISMAB<\/strong> <\/p>\n\n\n\n<p>Soci\u00e9t\u00e9 par actions simplifi\u00e9es \u00e0 associ\u00e9 unique au capital de 500\u20ac, dont le si\u00e8ge social est situ\u00e9 9 all\u00e9e de Provence 92000 NANTERRE, immatricul\u00e9e au Registre du commerce et des soci\u00e9t\u00e9s de NANTERRE, sous le num\u00e9ro B 852\u00a0284\u00a0975<\/p>\n","protected":false},"excerpt":{"rendered":"<p>ISMAB Soci\u00e9t\u00e9 par actions simplifi\u00e9es \u00e0 associ\u00e9 unique au capital de 500\u20ac, dont le si\u00e8ge social est situ\u00e9 9 all\u00e9e de Provence 92000 NANTERRE, immatricul\u00e9e au Registre du commerce et des soci\u00e9t\u00e9s de NANTERRE, sous le num\u00e9ro B 852\u00a0284\u00a0975<\/p>\n","protected":false},"author":1,"featured_media":6,"parent":0,"menu_order":0,"comment_status":"closed","ping_status":"closed","template":"","meta":[],"_links":{"self":[{"href":"https:\/\/ismab.fr\/index.php?rest_route=\/wp\/v2\/pages\/9"}],"collection":[{"href":"https:\/\/ismab.fr\/index.php?rest_route=\/wp\/v2\/pages"}],"about":[{"href":"https:\/\/ismab.fr\/index.php?rest_route=\/wp\/v2\/types\/page"}],"author":[{"embeddable":true,"href":"https:\/\/ismab.fr\/index.php?rest_route=\/wp\/v2\/users\/1"}],"replies":[{"embeddable":true,"href":"https:\/\/ismab.fr\/index.php?rest_route=%2Fwp%2Fv2%2Fcomments&post=9"}],"version-history":[{"count":2,"href":"https:\/\/ismab.fr\/index.php?rest_route=\/wp\/v2\/pages\/9\/revisions"}],"predecessor-version":[{"id":35,"href":"https:\/\/ismab.fr\/index.php?rest_route=\/wp\/v2\/pages\/9\/revisions\/35"}],"wp:featuredmedia":[{"embeddable":true,"href":"https:\/\/ismab.fr\/index.php?rest_route=\/wp\/v2\/media\/6"}],"wp:attachment":[{"href":"https:\/\/ismab.fr\/index.php?rest_route=%2Fwp%2Fv2%2Fmedia&parent=9"}],"curies":[{"name":"wp","href":"https:\/\/api.w.org\/{rel}","templated":true}]}}